{"id":10,"date":"2011-05-14T13:40:58","date_gmt":"2011-05-14T11:40:58","guid":{"rendered":"http:\/\/dalany.dk\/test\/?page_id=10"},"modified":"2024-04-23T20:59:11","modified_gmt":"2024-04-23T18:59:11","slug":"bestyrelsen","status":"publish","type":"page","link":"http:\/\/tranagergaard.dk\/?page_id=10","title":{"rendered":"Bestyrelsen"},"content":{"rendered":"<table style=\"width: 494px; height: 667px;\">\n<tbody>\n<tr>\n<td>Formand<\/td>\n<td>Thomas Sund<br \/>\nAskeengen\u00a0128<\/td>\n<td>Telefon:<br \/>\n5121 2524<\/td>\n<\/tr>\n<tr>\n<td>N\u00e6stformand<\/td>\n<td>Morten Erik Juul Jensen<br \/>\nAskeengen 18<\/td>\n<td><\/td>\n<\/tr>\n<tr>\n<td>Fungerende kasserer<\/td>\n<td>Lars Due Nielsen<br \/>\nAskeengen 100<\/td>\n<td><\/td>\n<\/tr>\n<tr>\n<td>Sekret\u00e6r<\/td>\n<td>Martin Pallesen<br \/>\nAskeengen 120<\/td>\n<td><\/td>\n<\/tr>\n<tr>\n<td>Bestyrelsesmedlem<\/td>\n<td>Antje Ronesfelt<br \/>\nLindeengen 10<\/td>\n<td><\/td>\n<\/tr>\n<tr>\n<td>Bestyrelsesmedlem<\/td>\n<td>Ren\u00e9 Bendt Larsen<br \/>\nLindeengen 81<\/td>\n<td><\/td>\n<\/tr>\n<tr>\n<td>Suppleant<\/td>\n<td>Amalie Meyer<br \/>\nLindeengen 83<\/td>\n<td><\/td>\n<\/tr>\n<\/tbody>\n<\/table>\n<p><em>Opdateret d. 23.4.2024<\/em><\/p>\n","protected":false},"excerpt":{"rendered":"<p>Formand Thomas Sund Askeengen\u00a0128 Telefon: 5121 2524 N\u00e6stformand Morten Erik Juul Jensen Askeengen 18 Fungerende kasserer Lars Due Nielsen Askeengen 100 Sekret\u00e6r Martin Pallesen Askeengen 120 Bestyrelsesmedlem Antje Ronesfelt Lindeengen 10 Bestyrelsesmedlem Ren\u00e9 Bendt Larsen Lindeengen 81 Suppleant Amalie Meyer &hellip; <a href=\"http:\/\/tranagergaard.dk\/?page_id=10\">Continue reading <span class=\"meta-nav\">&rarr;<\/span><\/a><\/p>\n","protected":false},"author":1,"featured_media":0,"parent":0,"menu_order":0,"comment_status":"open","ping_status":"open","template":"","meta":{"footnotes":""},"class_list":["post-10","page","type-page","status-publish","hentry"],"_links":{"self":[{"href":"http:\/\/tranagergaard.dk\/index.php?rest_route=\/wp\/v2\/pages\/10","targetHints":{"allow":["GET"]}}],"collection":[{"href":"http:\/\/tranagergaard.dk\/index.php?rest_route=\/wp\/v2\/pages"}],"about":[{"href":"http:\/\/tranagergaard.dk\/index.php?rest_route=\/wp\/v2\/types\/page"}],"author":[{"embeddable":true,"href":"http:\/\/tranagergaard.dk\/index.php?rest_route=\/wp\/v2\/users\/1"}],"replies":[{"embeddable":true,"href":"http:\/\/tranagergaard.dk\/index.php?rest_route=%2Fwp%2Fv2%2Fcomments&post=10"}],"version-history":[{"count":34,"href":"http:\/\/tranagergaard.dk\/index.php?rest_route=\/wp\/v2\/pages\/10\/revisions"}],"predecessor-version":[{"id":442,"href":"http:\/\/tranagergaard.dk\/index.php?rest_route=\/wp\/v2\/pages\/10\/revisions\/442"}],"wp:attachment":[{"href":"http:\/\/tranagergaard.dk\/index.php?rest_route=%2Fwp%2Fv2%2Fmedia&parent=10"}],"curies":[{"name":"wp","href":"https:\/\/api.w.org\/{rel}","templated":true}]}}